{"id":487,"date":"2020-09-07T09:01:54","date_gmt":"2020-09-07T09:01:54","guid":{"rendered":"http:\/\/wpdemo.archiwp.com\/maxbizz\/?page_id=487"},"modified":"2021-07-12T19:37:26","modified_gmt":"2021-07-12T17:37:26","slug":"o-firmie","status":"publish","type":"page","link":"https:\/\/declarena.pl\/index.php\/o-firmie\/","title":{"rendered":"O firmie"},"content":{"rendered":"\t\t<div data-elementor-type=\"wp-page\" data-elementor-id=\"487\" class=\"elementor elementor-487\">\n\t\t\t\t\t\t\t\t\t<section class=\"elementor-section elementor-top-section elementor-element elementor-element-aeaf1cb elementor-section-content-middle elementor-section-boxed elementor-section-height-default elementor-section-height-default\" data-id=\"aeaf1cb\" data-element_type=\"section\">\n\t\t\t\t\t\t<div class=\"elementor-container elementor-column-gap-extended\">\n\t\t\t\t\t<div class=\"elementor-column elementor-col-50 elementor-top-column elementor-element elementor-element-e209ac4 ot-flex-column-vertical\" data-id=\"e209ac4\" data-element_type=\"column\">\n\t\t\t<div class=\"elementor-widget-wrap elementor-element-populated\">\n\t\t\t\t\t\t\t\t<div class=\"elementor-element elementor-element-34ca8c4 elementor-widget elementor-widget-image\" data-id=\"34ca8c4\" data-element_type=\"widget\" data-widget_type=\"image.default\">\n\t\t\t\t<div class=\"elementor-widget-container\">\n\t\t\t\t\t\t\t\t\t\t\t\t\t\t\t<img fetchpriority=\"high\" decoding=\"async\" width=\"630\" height=\"475\" src=\"https:\/\/declarena.pl\/wp-content\/uploads\/2020\/09\/image1-about-us.jpg\" class=\"attachment-full size-full wp-image-491\" alt=\"\" srcset=\"https:\/\/declarena.pl\/wp-content\/uploads\/2020\/09\/image1-about-us.jpg 630w, https:\/\/declarena.pl\/wp-content\/uploads\/2020\/09\/image1-about-us-300x226.jpg 300w\" sizes=\"(max-width: 630px) 100vw, 630px\" \/>\t\t\t\t\t\t\t\t\t\t\t\t\t\t\t<\/div>\n\t\t\t\t<\/div>\n\t\t\t\t\t<\/div>\n\t\t<\/div>\n\t\t\t\t<div class=\"elementor-column elementor-col-50 elementor-top-column elementor-element elementor-element-1feb286 ot-flex-column-vertical\" data-id=\"1feb286\" data-element_type=\"column\">\n\t\t\t<div class=\"elementor-widget-wrap elementor-element-populated\">\n\t\t\t\t\t\t\t\t<div class=\"elementor-element elementor-element-841e06b elementor-widget elementor-widget-iheading\" data-id=\"841e06b\" data-element_type=\"widget\" data-widget_type=\"iheading.default\">\n\t\t\t\t<div class=\"elementor-widget-container\">\n\t\t\t\t\t<div class=\"ot-heading\">\r\n\t        <span class=\"is_highlight\">o firmie<\/span>\t        <h3 class=\"main-head\">Kilka s\u0142\u00f3w o nas<\/h3>\t    <\/div>\r\n\t    \t\t<\/div>\n\t\t\t\t<\/div>\n\t\t\t\t<div class=\"elementor-element elementor-element-bb4f4ed elementor-widget elementor-widget-text-editor\" data-id=\"bb4f4ed\" data-element_type=\"widget\" data-widget_type=\"text-editor.default\">\n\t\t\t\t<div class=\"elementor-widget-container\">\n\t\t\t\t\t\t\t<p>Declarena to kompleksowa obs\u0142uga ksi\u0119gowa wszystkich bran\u017c. Dla naszych Klient\u00f3w sprawdzamy ksi\u0119gi a tak\u017ce przeprowadzamy konsultacje w zakresie ksi\u0119gowo\u015bci. Posiadamy wieloletnie do\u015bwiadczenie w obs\u0142udze firm <br \/>z kapita\u0142em zagranicznym.<br \/>Nasze biuro rachunkowo-ksi\u0119gowe dostosowuje pakiet us\u0142ug indywidualnie w zale\u017cno\u015bci od potrzeb Klienta.<\/p>\t\t\t\t\t\t<\/div>\n\t\t\t\t<\/div>\n\t\t\t\t<section class=\"elementor-section elementor-inner-section elementor-element elementor-element-983ee34 elementor-section-full_width elementor-section-height-default elementor-section-height-default\" data-id=\"983ee34\" data-element_type=\"section\">\n\t\t\t\t\t\t<div class=\"elementor-container elementor-column-gap-no\">\n\t\t\t\t\t<div class=\"elementor-column elementor-col-50 elementor-inner-column elementor-element elementor-element-3d77923 ot-flex-column-vertical\" data-id=\"3d77923\" data-element_type=\"column\">\n\t\t\t<div class=\"elementor-widget-wrap\">\n\t\t\t\t\t\t\t\t\t<\/div>\n\t\t<\/div>\n\t\t\t\t<div class=\"elementor-column elementor-col-50 elementor-inner-column elementor-element elementor-element-02cefd4 ot-flex-column-vertical\" data-id=\"02cefd4\" data-element_type=\"column\">\n\t\t\t<div class=\"elementor-widget-wrap elementor-element-populated\">\n\t\t\t\t\t\t\t\t<div class=\"elementor-element elementor-element-d2c189c elementor-widget elementor-widget-heading\" data-id=\"d2c189c\" data-element_type=\"widget\" data-widget_type=\"heading.default\">\n\t\t\t\t<div class=\"elementor-widget-container\">\n\t\t\t<h6 class=\"elementor-heading-title elementor-size-default\">Dorota Welten<\/h6>\t\t<\/div>\n\t\t\t\t<\/div>\n\t\t\t\t<div class=\"elementor-element elementor-element-4146a85 elementor-widget elementor-widget-text-editor\" data-id=\"4146a85\" data-element_type=\"widget\" data-widget_type=\"text-editor.default\">\n\t\t\t\t<div class=\"elementor-widget-container\">\n\t\t\t\t\t\t\t<p>prezes zarz\u0105du<\/p>\t\t\t\t\t\t<\/div>\n\t\t\t\t<\/div>\n\t\t\t\t\t<\/div>\n\t\t<\/div>\n\t\t\t\t\t\t\t<\/div>\n\t\t<\/section>\n\t\t\t\t\t<\/div>\n\t\t<\/div>\n\t\t\t\t\t\t\t<\/div>\n\t\t<\/section>\n\t\t\t\t<section class=\"elementor-section elementor-top-section elementor-element elementor-element-95d5f17 elementor-section-boxed elementor-section-height-default elementor-section-height-default\" data-id=\"95d5f17\" data-element_type=\"section\">\n\t\t\t\t\t\t<div class=\"elementor-container elementor-column-gap-default\">\n\t\t\t\t\t<div class=\"elementor-column elementor-col-100 elementor-top-column elementor-element elementor-element-eb1f547 ot-flex-column-vertical\" data-id=\"eb1f547\" data-element_type=\"column\">\n\t\t\t<div class=\"elementor-widget-wrap elementor-element-populated\">\n\t\t\t\t\t\t\t\t<div class=\"elementor-element elementor-element-497ed06 elementor-widget elementor-widget-heading\" data-id=\"497ed06\" data-element_type=\"widget\" data-widget_type=\"heading.default\">\n\t\t\t\t<div class=\"elementor-widget-container\">\n\t\t\t<h3 class=\"elementor-heading-title elementor-size-default\">Dlaczego klienci wybieraj\u0105 w\u0142a\u015bnie nasze biuro?\n<\/h3>\t\t<\/div>\n\t\t\t\t<\/div>\n\t\t\t\t\t<\/div>\n\t\t<\/div>\n\t\t\t\t\t\t\t<\/div>\n\t\t<\/section>\n\t\t\t\t<section class=\"elementor-section elementor-top-section elementor-element elementor-element-6af12be elementor-section-boxed elementor-section-height-default elementor-section-height-default\" data-id=\"6af12be\" data-element_type=\"section\">\n\t\t\t\t\t\t<div class=\"elementor-container elementor-column-gap-extended\">\n\t\t\t\t\t<div class=\"elementor-column elementor-col-25 elementor-top-column elementor-element elementor-element-111d7cd ot-flex-column-vertical\" data-id=\"111d7cd\" data-element_type=\"column\">\n\t\t\t<div class=\"elementor-widget-wrap\">\n\t\t\t\t\t\t\t\t\t<\/div>\n\t\t<\/div>\n\t\t\t\t<div class=\"elementor-column elementor-col-25 elementor-top-column elementor-element elementor-element-9865002 ot-flex-column-vertical\" data-id=\"9865002\" data-element_type=\"column\">\n\t\t\t<div class=\"elementor-widget-wrap elementor-element-populated\">\n\t\t\t\t\t\t\t\t<div class=\"elementor-element elementor-element-0c75221 number-left elementor-widget elementor-widget-icounter\" data-id=\"0c75221\" data-element_type=\"widget\" data-widget_type=\"icounter.default\">\n\t\t\t\t<div class=\"elementor-widget-container\">\n\t\t\t    \t<div class=\"ot-counter icounter\" data-counter=\"1\">\r\n        \t<div class=\"c-number\">\r\n        \t\t<span class=\"num\" data-to=\"1\" data-time= \"0\"><\/span>        \t<\/div>\r\n        \t<h6>Znakomity stosunek <BR>warto\u015bci us\u0142ugi do ceny<\/h6>      \t\t\t\t        \r\n\t    <\/div>\r\n\t    \t\t<\/div>\n\t\t\t\t<\/div>\n\t\t\t\t\t<\/div>\n\t\t<\/div>\n\t\t\t\t<div class=\"elementor-column elementor-col-25 elementor-top-column elementor-element elementor-element-7d86b75 ot-flex-column-vertical\" data-id=\"7d86b75\" data-element_type=\"column\">\n\t\t\t<div class=\"elementor-widget-wrap elementor-element-populated\">\n\t\t\t\t\t\t\t\t<div class=\"elementor-element elementor-element-75279d9 number-left elementor-widget elementor-widget-icounter\" data-id=\"75279d9\" data-element_type=\"widget\" data-widget_type=\"icounter.default\">\n\t\t\t\t<div class=\"elementor-widget-container\">\n\t\t\t    \t<div class=\"ot-counter icounter\" data-counter=\"2\">\r\n        \t<div class=\"c-number\">\r\n        \t\t<span class=\"num\" data-to=\"2\" data-time= \"0\"><\/span>        \t<\/div>\r\n        \t<h6>Bezproblemowa<BR> komunikacja<\/h6>      \t\t\t\t        \r\n\t    <\/div>\r\n\t    \t\t<\/div>\n\t\t\t\t<\/div>\n\t\t\t\t\t<\/div>\n\t\t<\/div>\n\t\t\t\t<div class=\"elementor-column elementor-col-25 elementor-top-column elementor-element elementor-element-7c9f8c9 ot-flex-column-vertical\" data-id=\"7c9f8c9\" data-element_type=\"column\">\n\t\t\t<div class=\"elementor-widget-wrap elementor-element-populated\">\n\t\t\t\t\t\t\t\t<div class=\"elementor-element elementor-element-5e295b7 number-left elementor-widget elementor-widget-icounter\" data-id=\"5e295b7\" data-element_type=\"widget\" data-widget_type=\"icounter.default\">\n\t\t\t\t<div class=\"elementor-widget-container\">\n\t\t\t    \t<div class=\"ot-counter icounter\" data-counter=\"3\">\r\n        \t<div class=\"c-number\">\r\n        \t\t<span class=\"num\" data-to=\"3\" data-time= \"0\"><\/span>        \t<\/div>\r\n        \t<h6>Ekspresowe<BR> doradztwo i pomoc<\/h6>      \t\t\t\t        \r\n\t    <\/div>\r\n\t    \t\t<\/div>\n\t\t\t\t<\/div>\n\t\t\t\t\t<\/div>\n\t\t<\/div>\n\t\t\t\t\t\t\t<\/div>\n\t\t<\/section>\n\t\t\t\t\t\t\t<\/div>\n\t\t","protected":false},"excerpt":{"rendered":"<p>o firmie Kilka s\u0142\u00f3w o nas Declarena to kompleksowa obs\u0142uga ksi\u0119gowa wszystkich bran\u017c. Dla naszych Klient\u00f3w sprawdzamy ksi\u0119gi a tak\u017ce przeprowadzamy konsultacje w zakresie ksi\u0119gowo\u015bci. Posiadamy wieloletnie do\u015bwiadczenie w obs\u0142udze firm z kapita\u0142em zagranicznym.Nasze biuro rachunkowo-ksi\u0119gowe dostosowuje pakiet us\u0142ug indywidualnie w zale\u017cno\u015bci od potrzeb Klienta. Dorota Welten prezes zarz\u0105du Dlaczego klienci wybieraj\u0105 w\u0142a\u015bnie nasze biuro? [&hellip;]<\/p>\n","protected":false},"author":2,"featured_media":0,"parent":0,"menu_order":0,"comment_status":"closed","ping_status":"closed","template":"","meta":{"footnotes":""},"class_list":["post-487","page","type-page","status-publish","hentry"],"_links":{"self":[{"href":"https:\/\/declarena.pl\/index.php\/wp-json\/wp\/v2\/pages\/487","targetHints":{"allow":["GET"]}}],"collection":[{"href":"https:\/\/declarena.pl\/index.php\/wp-json\/wp\/v2\/pages"}],"about":[{"href":"https:\/\/declarena.pl\/index.php\/wp-json\/wp\/v2\/types\/page"}],"author":[{"embeddable":true,"href":"https:\/\/declarena.pl\/index.php\/wp-json\/wp\/v2\/users\/2"}],"replies":[{"embeddable":true,"href":"https:\/\/declarena.pl\/index.php\/wp-json\/wp\/v2\/comments?post=487"}],"version-history":[{"count":52,"href":"https:\/\/declarena.pl\/index.php\/wp-json\/wp\/v2\/pages\/487\/revisions"}],"predecessor-version":[{"id":1906,"href":"https:\/\/declarena.pl\/index.php\/wp-json\/wp\/v2\/pages\/487\/revisions\/1906"}],"wp:attachment":[{"href":"https:\/\/declarena.pl\/index.php\/wp-json\/wp\/v2\/media?parent=487"}],"curies":[{"name":"wp","href":"https:\/\/api.w.org\/{rel}","templated":true}]}}