{"id":597,"date":"2020-09-09T03:33:24","date_gmt":"2020-09-09T03:33:24","guid":{"rendered":"http:\/\/wpdemo.archiwp.com\/maxbizz\/?page_id=597"},"modified":"2021-07-12T18:35:37","modified_gmt":"2021-07-12T16:35:37","slug":"404-2","status":"publish","type":"page","link":"https:\/\/declarena.pl\/index.php\/404-2\/","title":{"rendered":"404"},"content":{"rendered":"\t\t<div data-elementor-type=\"wp-page\" data-elementor-id=\"597\" class=\"elementor elementor-597\">\n\t\t\t\t\t\t\t\t\t<section class=\"elementor-section elementor-top-section elementor-element elementor-element-dc90a5e elementor-section-height-full elementor-section-content-middle error-404 elementor-section-boxed elementor-section-height-default elementor-section-items-middle\" data-id=\"dc90a5e\" data-element_type=\"section\" data-settings=\"{&quot;background_background&quot;:&quot;classic&quot;}\">\n\t\t\t\t\t\t<div class=\"elementor-container elementor-column-gap-default\">\n\t\t\t\t\t<div class=\"elementor-column elementor-col-100 elementor-top-column elementor-element elementor-element-ab481db\" data-id=\"ab481db\" data-element_type=\"column\">\n\t\t\t<div class=\"elementor-widget-wrap elementor-element-populated\">\n\t\t\t\t\t\t\t\t<div class=\"elementor-element elementor-element-ff9a571 elementor-fixed elementor-widget elementor-widget-ilogo\" data-id=\"ff9a571\" data-element_type=\"widget\" data-settings=\"{&quot;_position&quot;:&quot;fixed&quot;}\" data-widget_type=\"ilogo.default\">\n\t\t\t\t<div class=\"elementor-widget-container\">\n\t\t\t\t\t\t\r\n\t    \t<div class=\"the-logo\">\r\n\t\t\t\t<a href=\"https:\/\/declarena.pl\/\">\r\n\t\t\t\t\t<img decoding=\"async\" src=\"https:\/\/declarena.pl\/wp-content\/uploads\/2020\/07\/logo-declarena_wektor.svg\" alt=\"Declarena &#8211; biuro rachunkowe\">\r\n\t\t\t\t<\/a>\t\t\t        \r\n\t\t    <\/div>\r\n\t\t    \r\n\t    \t\t<\/div>\n\t\t\t\t<\/div>\n\t\t\t\t<div class=\"elementor-element elementor-element-2a1d1ef elementor-widget elementor-widget-heading\" data-id=\"2a1d1ef\" data-element_type=\"widget\" data-widget_type=\"heading.default\">\n\t\t\t\t<div class=\"elementor-widget-container\">\n\t\t\t<h1 class=\"elementor-heading-title elementor-size-default\">404<\/h1>\t\t<\/div>\n\t\t\t\t<\/div>\n\t\t\t\t<div class=\"elementor-element elementor-element-6bd4e37 elementor-widget elementor-widget-heading\" data-id=\"6bd4e37\" data-element_type=\"widget\" data-widget_type=\"heading.default\">\n\t\t\t\t<div class=\"elementor-widget-container\">\n\t\t\t<h2 class=\"elementor-heading-title elementor-size-default\">Strona nie znaleziona!<\/h2>\t\t<\/div>\n\t\t\t\t<\/div>\n\t\t\t\t<section class=\"elementor-section elementor-inner-section elementor-element elementor-element-02eb208 elementor-section-full_width elementor-section-height-default elementor-section-height-default\" data-id=\"02eb208\" data-element_type=\"section\">\n\t\t\t\t\t\t<div class=\"elementor-container elementor-column-gap-no\">\n\t\t\t\t\t<div class=\"elementor-column elementor-col-33 elementor-inner-column elementor-element elementor-element-b70cb7b ot-flex-column-vertical\" data-id=\"b70cb7b\" data-element_type=\"column\">\n\t\t\t<div class=\"elementor-widget-wrap\">\n\t\t\t\t\t\t\t\t\t<\/div>\n\t\t<\/div>\n\t\t\t\t<div class=\"elementor-column elementor-col-33 elementor-inner-column elementor-element elementor-element-2ca71f3 ot-flex-column-vertical\" data-id=\"2ca71f3\" data-element_type=\"column\">\n\t\t\t<div class=\"elementor-widget-wrap elementor-element-populated\">\n\t\t\t\t\t\t\t\t<div class=\"elementor-element elementor-element-c0b5c0b elementor-widget elementor-widget-text-editor\" data-id=\"c0b5c0b\" data-element_type=\"widget\" data-widget_type=\"text-editor.default\">\n\t\t\t\t<div class=\"elementor-widget-container\">\n\t\t\t\t\t\t\t<p>Ups! Strona, kt\u00f3rej szukasz nie istnieje. Wr\u00f3\u0107 do strony g\u0142\u00f3wnej witryny.<\/p>\t\t\t\t\t\t<\/div>\n\t\t\t\t<\/div>\n\t\t\t\t\t<\/div>\n\t\t<\/div>\n\t\t\t\t<div class=\"elementor-column elementor-col-33 elementor-inner-column elementor-element elementor-element-1958c9e ot-flex-column-vertical\" data-id=\"1958c9e\" data-element_type=\"column\">\n\t\t\t<div class=\"elementor-widget-wrap\">\n\t\t\t\t\t\t\t\t\t<\/div>\n\t\t<\/div>\n\t\t\t\t\t\t\t<\/div>\n\t\t<\/section>\n\t\t\t\t<div class=\"elementor-element elementor-element-64444b7 elementor-align-center elementor-widget elementor-widget-ibutton\" data-id=\"64444b7\" data-element_type=\"widget\" data-widget_type=\"ibutton.default\">\n\t\t\t\t<div class=\"elementor-widget-container\">\n\t\t\t\t\t<div class=\"ot-button\">\r\n\t\t\t<a href=\"https:\/\/declarena.pl\/\" class=\"octf-btn octf-btn-main\">Zabierz mnie na stron\u0119 g\u0142\u00f3wn\u0105<\/a>\r\n\t    <\/div>\r\n\t    \t\t<\/div>\n\t\t\t\t<\/div>\n\t\t\t\t\t<\/div>\n\t\t<\/div>\n\t\t\t\t\t\t\t<\/div>\n\t\t<\/section>\n\t\t\t\t\t\t\t<\/div>\n\t\t","protected":false},"excerpt":{"rendered":"<p>404 Strona nie znaleziona! Ups! Strona, kt\u00f3rej szukasz nie istnieje. Wr\u00f3\u0107 do strony g\u0142\u00f3wnej witryny. Zabierz mnie na stron\u0119 g\u0142\u00f3wn\u0105<\/p>\n","protected":false},"author":2,"featured_media":0,"parent":0,"menu_order":0,"comment_status":"closed","ping_status":"closed","template":"elementor_canvas","meta":{"footnotes":""},"class_list":["post-597","page","type-page","status-publish","hentry"],"_links":{"self":[{"href":"https:\/\/declarena.pl\/index.php\/wp-json\/wp\/v2\/pages\/597","targetHints":{"allow":["GET"]}}],"collection":[{"href":"https:\/\/declarena.pl\/index.php\/wp-json\/wp\/v2\/pages"}],"about":[{"href":"https:\/\/declarena.pl\/index.php\/wp-json\/wp\/v2\/types\/page"}],"author":[{"embeddable":true,"href":"https:\/\/declarena.pl\/index.php\/wp-json\/wp\/v2\/users\/2"}],"replies":[{"embeddable":true,"href":"https:\/\/declarena.pl\/index.php\/wp-json\/wp\/v2\/comments?post=597"}],"version-history":[{"count":9,"href":"https:\/\/declarena.pl\/index.php\/wp-json\/wp\/v2\/pages\/597\/revisions"}],"predecessor-version":[{"id":1822,"href":"https:\/\/declarena.pl\/index.php\/wp-json\/wp\/v2\/pages\/597\/revisions\/1822"}],"wp:attachment":[{"href":"https:\/\/declarena.pl\/index.php\/wp-json\/wp\/v2\/media?parent=597"}],"curies":[{"name":"wp","href":"https:\/\/api.w.org\/{rel}","templated":true}]}}