{"id":690,"date":"2020-09-09T09:37:48","date_gmt":"2020-09-09T09:37:48","guid":{"rendered":"http:\/\/wpdemo.archiwp.com\/maxbizz\/?page_id=690"},"modified":"2021-07-14T21:43:04","modified_gmt":"2021-07-14T19:43:04","slug":"oferta","status":"publish","type":"page","link":"https:\/\/declarena.pl\/index.php\/oferta\/","title":{"rendered":"Oferta"},"content":{"rendered":"\t\t<div data-elementor-type=\"wp-page\" data-elementor-id=\"690\" class=\"elementor elementor-690\">\n\t\t\t\t\t\t\t\t\t<section class=\"elementor-section elementor-top-section elementor-element elementor-element-ddbc734 elementor-section-boxed elementor-section-height-default elementor-section-height-default\" data-id=\"ddbc734\" data-element_type=\"section\">\n\t\t\t\t\t\t<div class=\"elementor-container elementor-column-gap-default\">\n\t\t\t\t\t<div class=\"elementor-column elementor-col-100 elementor-top-column elementor-element elementor-element-af7b96b ot-flex-column-vertical\" data-id=\"af7b96b\" data-element_type=\"column\">\n\t\t\t<div class=\"elementor-widget-wrap elementor-element-populated\">\n\t\t\t\t\t\t\t\t<div class=\"elementor-element elementor-element-c7f5796 elementor-widget elementor-widget-heading\" data-id=\"c7f5796\" data-element_type=\"widget\" data-widget_type=\"heading.default\">\n\t\t\t\t<div class=\"elementor-widget-container\">\n\t\t\t<h2 class=\"elementor-heading-title elementor-size-default\">Kim s\u0105 nasi klienci?<\/h2>\t\t<\/div>\n\t\t\t\t<\/div>\n\t\t\t\t\t<\/div>\n\t\t<\/div>\n\t\t\t\t\t\t\t<\/div>\n\t\t<\/section>\n\t\t\t\t<section class=\"elementor-section elementor-top-section elementor-element elementor-element-c1c86f2 elementor-section-boxed elementor-section-height-default elementor-section-height-default\" data-id=\"c1c86f2\" data-element_type=\"section\">\n\t\t\t\t\t\t<div class=\"elementor-container elementor-column-gap-default\">\n\t\t\t\t\t<div class=\"elementor-column elementor-col-50 elementor-top-column elementor-element elementor-element-633f885 ot-flex-column-vertical\" data-id=\"633f885\" data-element_type=\"column\">\n\t\t\t<div class=\"elementor-widget-wrap elementor-element-populated\">\n\t\t\t\t\t\t\t\t<div class=\"elementor-element elementor-element-8306b08 elementor-widget elementor-widget-heading\" data-id=\"8306b08\" data-element_type=\"widget\" data-widget_type=\"heading.default\">\n\t\t\t\t<div class=\"elementor-widget-container\">\n\t\t\t<h5 class=\"elementor-heading-title elementor-size-default\">Przedsi\u0119biorcy indywidualni<\/h5>\t\t<\/div>\n\t\t\t\t<\/div>\n\t\t\t\t<div class=\"elementor-element elementor-element-1d32019 elementor-widget elementor-widget-text-editor\" data-id=\"1d32019\" data-element_type=\"widget\" data-widget_type=\"text-editor.default\">\n\t\t\t\t<div class=\"elementor-widget-container\">\n\t\t\t\t\t\t\t<p>Liczna i wa\u017cna grupa naszych klient\u00f3w. Przedsi\u0119biorcy indywidualni, opr\u00f3cz podstawowych czynno\u015bci ksi\u0119gowych oczekuj\u0105 od nas przede wszystkim doradztwa i pomocy w rozwi\u0105zywaniu zar\u00f3wno prostych jak i bardziej skomplikowanych spraw. Przedsi\u0119biorcy indywidualni polecaj\u0105 nasze us\u0142ugi.<\/p>\t\t\t\t\t\t<\/div>\n\t\t\t\t<\/div>\n\t\t\t\t\t<\/div>\n\t\t<\/div>\n\t\t\t\t<div class=\"elementor-column elementor-col-50 elementor-top-column elementor-element elementor-element-edf740d ot-flex-column-vertical\" data-id=\"edf740d\" data-element_type=\"column\">\n\t\t\t<div class=\"elementor-widget-wrap elementor-element-populated\">\n\t\t\t\t\t\t\t\t<div class=\"elementor-element elementor-element-04fd5f4 elementor-widget elementor-widget-heading\" data-id=\"04fd5f4\" data-element_type=\"widget\" data-widget_type=\"heading.default\">\n\t\t\t\t<div class=\"elementor-widget-container\">\n\t\t\t<h5 class=\"elementor-heading-title elementor-size-default\">Sp\u00f3\u0142ki cywilne, jawne, komandytowe<\/h5>\t\t<\/div>\n\t\t\t\t<\/div>\n\t\t\t\t<div class=\"elementor-element elementor-element-b65122b elementor-widget elementor-widget-text-editor\" data-id=\"b65122b\" data-element_type=\"widget\" data-widget_type=\"text-editor.default\">\n\t\t\t\t<div class=\"elementor-widget-container\">\n\t\t\t\t\t\t\t<p>Szeroka grupa podmiot\u00f3w pocz\u0105wszy od najmniejszych sp\u00f3\u0142ek cywilnych \u015bwiadcz\u0105cych us\u0142ugi a\u017c do du\u017cych sp\u00f3\u0142ek jawnych i komandytowych zajmuj\u0105cych si\u0119 produkcj\u0105. Specyfik\u0105 jest opodatkowanie dochod\u00f3w na poziomie ka\u017cdego ze wsp\u00f3lnik\u00f3w a nie na poziomie sp\u00f3\u0142ki. Obs\u0142ugujemy podmioty o obrotach przekraczaj\u0105cych 100 mln rocznie, z czego jeste\u015bmy dumni.<\/p>\t\t\t\t\t\t<\/div>\n\t\t\t\t<\/div>\n\t\t\t\t\t<\/div>\n\t\t<\/div>\n\t\t\t\t\t\t\t<\/div>\n\t\t<\/section>\n\t\t\t\t<section class=\"elementor-section elementor-top-section elementor-element elementor-element-31841eb elementor-section-boxed elementor-section-height-default elementor-section-height-default\" data-id=\"31841eb\" data-element_type=\"section\">\n\t\t\t\t\t\t<div class=\"elementor-container elementor-column-gap-default\">\n\t\t\t\t\t<div class=\"elementor-column elementor-col-50 elementor-top-column elementor-element elementor-element-0cd5cfc ot-flex-column-vertical\" data-id=\"0cd5cfc\" data-element_type=\"column\">\n\t\t\t<div class=\"elementor-widget-wrap elementor-element-populated\">\n\t\t\t\t\t\t\t\t<div class=\"elementor-element elementor-element-a04baf3 elementor-widget elementor-widget-heading\" data-id=\"a04baf3\" data-element_type=\"widget\" data-widget_type=\"heading.default\">\n\t\t\t\t<div class=\"elementor-widget-container\">\n\t\t\t<h5 class=\"elementor-heading-title elementor-size-default\">Sp\u00f3\u0142ki z o.o.<\/h5>\t\t<\/div>\n\t\t\t\t<\/div>\n\t\t\t\t<div class=\"elementor-element elementor-element-2242fb1 elementor-widget elementor-widget-text-editor\" data-id=\"2242fb1\" data-element_type=\"widget\" data-widget_type=\"text-editor.default\">\n\t\t\t\t<div class=\"elementor-widget-container\">\n\t\t\t\t\t\t\t<p>Bardzo du\u017ca i zr\u00f3\u017cnicowana grupa firm. Funkcjonowanie sp. z o.o. jest sformalizowane i wymaga prowadzenia pe\u0142nej ksi\u0119gowo\u015bci. Bez wzgl\u0119du na wielko\u015b\u0107 ka\u017cda sp\u00f3\u0142ka znajdzie u nas korzystn\u0105 ofert\u0119. Ich obs\u0142uga to dla nas chleb powszedni.<\/p>\t\t\t\t\t\t<\/div>\n\t\t\t\t<\/div>\n\t\t\t\t\t<\/div>\n\t\t<\/div>\n\t\t\t\t<div class=\"elementor-column elementor-col-50 elementor-top-column elementor-element elementor-element-64536dc ot-flex-column-vertical\" data-id=\"64536dc\" data-element_type=\"column\">\n\t\t\t<div class=\"elementor-widget-wrap elementor-element-populated\">\n\t\t\t\t\t\t\t\t<div class=\"elementor-element elementor-element-d3935d2 elementor-widget elementor-widget-heading\" data-id=\"d3935d2\" data-element_type=\"widget\" data-widget_type=\"heading.default\">\n\t\t\t\t<div class=\"elementor-widget-container\">\n\t\t\t<h5 class=\"elementor-heading-title elementor-size-default\">Sp\u00f3\u0142ka z o.o. Sp\u00f3\u0142ka komandytowa<\/h5>\t\t<\/div>\n\t\t\t\t<\/div>\n\t\t\t\t<div class=\"elementor-element elementor-element-96bf5c4 elementor-widget elementor-widget-text-editor\" data-id=\"96bf5c4\" data-element_type=\"widget\" data-widget_type=\"text-editor.default\">\n\t\t\t\t<div class=\"elementor-widget-container\">\n\t\t\t\t\t\t\t<p>Popularna w ostatnim czasie konstrukcja pozwalaj\u0105ca po\u0142\u0105czy\u0107 zalety sp. z o.o. w zakresie ograniczonej odpowiedzialno\u015bci wsp\u00f3lnik\u00f3w oraz sp\u00f3\u0142ki komandytowej w zakresie opodatkowania dochod\u00f3w na poziomie wsp\u00f3lnik\u00f3w (z pomini\u0119ciem samej sp\u00f3\u0142ki, kt\u00f3ra nie jest podatnikiem). Mamy du\u017ce do\u015bwiadczenie w obs\u0142udze tego typu podmiot\u00f3w.<\/p>\t\t\t\t\t\t<\/div>\n\t\t\t\t<\/div>\n\t\t\t\t\t<\/div>\n\t\t<\/div>\n\t\t\t\t\t\t\t<\/div>\n\t\t<\/section>\n\t\t\t\t<section class=\"elementor-section elementor-top-section elementor-element elementor-element-1beb701 elementor-section-boxed elementor-section-height-default elementor-section-height-default\" data-id=\"1beb701\" data-element_type=\"section\">\n\t\t\t\t\t\t<div class=\"elementor-container elementor-column-gap-default\">\n\t\t\t\t\t<div class=\"elementor-column elementor-col-50 elementor-top-column elementor-element elementor-element-283719f ot-flex-column-vertical\" data-id=\"283719f\" data-element_type=\"column\">\n\t\t\t<div class=\"elementor-widget-wrap elementor-element-populated\">\n\t\t\t\t\t\t\t\t<div class=\"elementor-element elementor-element-9e27895 elementor-widget elementor-widget-heading\" data-id=\"9e27895\" data-element_type=\"widget\" data-widget_type=\"heading.default\">\n\t\t\t\t<div class=\"elementor-widget-container\">\n\t\t\t<h5 class=\"elementor-heading-title elementor-size-default\">Fundacje, Stowarzyszenia, Rady Rodzic\u00f3w<\/h5>\t\t<\/div>\n\t\t\t\t<\/div>\n\t\t\t\t<div class=\"elementor-element elementor-element-cc0e7cf elementor-widget elementor-widget-text-editor\" data-id=\"cc0e7cf\" data-element_type=\"widget\" data-widget_type=\"text-editor.default\">\n\t\t\t\t<div class=\"elementor-widget-container\">\n\t\t\t\t\t\t\t<p>Organizacje spo\u0142eczne non-profit realizuj\u0105ce zadania statutowe, w tym tak\u017ce prowadz\u0105ce dzia\u0142alno\u015b\u0107 gospodarcz\u0105. W zale\u017cno\u015bci od charakteru organizacji jej dochody mog\u0105 by\u0107 zwolnione z opodatkowania. Z naszych us\u0142ug korzystaj\u0105 fundacje i stowarzyszenia. Obs\u0142ugujemy tak\u017ce Rady Rodzic\u00f3w.<\/p>\t\t\t\t\t\t<\/div>\n\t\t\t\t<\/div>\n\t\t\t\t\t<\/div>\n\t\t<\/div>\n\t\t\t\t<div class=\"elementor-column elementor-col-50 elementor-top-column elementor-element elementor-element-cbc93f3 ot-flex-column-vertical\" data-id=\"cbc93f3\" data-element_type=\"column\">\n\t\t\t<div class=\"elementor-widget-wrap elementor-element-populated\">\n\t\t\t\t\t\t\t\t<div class=\"elementor-element elementor-element-4be1f69 elementor-widget elementor-widget-heading\" data-id=\"4be1f69\" data-element_type=\"widget\" data-widget_type=\"heading.default\">\n\t\t\t\t<div class=\"elementor-widget-container\">\n\t\t\t<h5 class=\"elementor-heading-title elementor-size-default\">Oddzia\u0142y zagranicznych Firm<\/h5>\t\t<\/div>\n\t\t\t\t<\/div>\n\t\t\t\t<div class=\"elementor-element elementor-element-03b6c90 elementor-widget elementor-widget-text-editor\" data-id=\"03b6c90\" data-element_type=\"widget\" data-widget_type=\"text-editor.default\">\n\t\t\t\t<div class=\"elementor-widget-container\">\n\t\t\t\t\t\t\t<p>Jedna z form prowadzenia dzia\u0142alno\u015bci gospodarczej w Polsce przez zagraniczne przedsi\u0119biorstwa. Prowadz\u0105c ksi\u0119gowo\u015b\u0107 oddzia\u0142u uwzgl\u0119dniamy wymagania sprawozdawcze firmy-matki. Zapewniamy komunikacj\u0119 w j. angielskim.<\/p>\t\t\t\t\t\t<\/div>\n\t\t\t\t<\/div>\n\t\t\t\t\t<\/div>\n\t\t<\/div>\n\t\t\t\t\t\t\t<\/div>\n\t\t<\/section>\n\t\t\t\t<section class=\"elementor-section elementor-top-section elementor-element elementor-element-f6b7a5f elementor-section-boxed elementor-section-height-default elementor-section-height-default\" data-id=\"f6b7a5f\" data-element_type=\"section\">\n\t\t\t\t\t\t<div class=\"elementor-container elementor-column-gap-default\">\n\t\t\t\t\t<div class=\"elementor-column elementor-col-100 elementor-top-column elementor-element elementor-element-0a247f3 ot-flex-column-vertical\" data-id=\"0a247f3\" data-element_type=\"column\">\n\t\t\t<div class=\"elementor-widget-wrap elementor-element-populated\">\n\t\t\t\t\t\t\t\t<div class=\"elementor-element elementor-element-d12b985 elementor-widget elementor-widget-spacer\" data-id=\"d12b985\" data-element_type=\"widget\" data-widget_type=\"spacer.default\">\n\t\t\t\t<div class=\"elementor-widget-container\">\n\t\t\t\t\t<div class=\"elementor-spacer\">\n\t\t\t<div class=\"elementor-spacer-inner\"><\/div>\n\t\t<\/div>\n\t\t\t\t<\/div>\n\t\t\t\t<\/div>\n\t\t\t\t\t<\/div>\n\t\t<\/div>\n\t\t\t\t\t\t\t<\/div>\n\t\t<\/section>\n\t\t\t\t\t\t\t<\/div>\n\t\t","protected":false},"excerpt":{"rendered":"<p>Kim s\u0105 nasi klienci? Przedsi\u0119biorcy indywidualni Liczna i wa\u017cna grupa naszych klient\u00f3w. Przedsi\u0119biorcy indywidualni, opr\u00f3cz podstawowych czynno\u015bci ksi\u0119gowych oczekuj\u0105 od nas przede wszystkim doradztwa i pomocy w rozwi\u0105zywaniu zar\u00f3wno prostych jak i bardziej skomplikowanych spraw. Przedsi\u0119biorcy indywidualni polecaj\u0105 nasze us\u0142ugi. Sp\u00f3\u0142ki cywilne, jawne, komandytowe Szeroka grupa podmiot\u00f3w pocz\u0105wszy od najmniejszych sp\u00f3\u0142ek cywilnych \u015bwiadcz\u0105cych us\u0142ugi a\u017c [&hellip;]<\/p>\n","protected":false},"author":2,"featured_media":0,"parent":0,"menu_order":0,"comment_status":"closed","ping_status":"closed","template":"","meta":{"footnotes":""},"class_list":["post-690","page","type-page","status-publish","hentry"],"_links":{"self":[{"href":"https:\/\/declarena.pl\/index.php\/wp-json\/wp\/v2\/pages\/690","targetHints":{"allow":["GET"]}}],"collection":[{"href":"https:\/\/declarena.pl\/index.php\/wp-json\/wp\/v2\/pages"}],"about":[{"href":"https:\/\/declarena.pl\/index.php\/wp-json\/wp\/v2\/types\/page"}],"author":[{"embeddable":true,"href":"https:\/\/declarena.pl\/index.php\/wp-json\/wp\/v2\/users\/2"}],"replies":[{"embeddable":true,"href":"https:\/\/declarena.pl\/index.php\/wp-json\/wp\/v2\/comments?post=690"}],"version-history":[{"count":29,"href":"https:\/\/declarena.pl\/index.php\/wp-json\/wp\/v2\/pages\/690\/revisions"}],"predecessor-version":[{"id":1967,"href":"https:\/\/declarena.pl\/index.php\/wp-json\/wp\/v2\/pages\/690\/revisions\/1967"}],"wp:attachment":[{"href":"https:\/\/declarena.pl\/index.php\/wp-json\/wp\/v2\/media?parent=690"}],"curies":[{"name":"wp","href":"https:\/\/api.w.org\/{rel}","templated":true}]}}